{"id":14,"date":"2019-01-23T19:37:07","date_gmt":"2019-01-23T19:37:07","guid":{"rendered":"http:\/\/theparisapt.com\/wordpress\/wordpress\/?page_id=14"},"modified":"2023-08-20T18:14:26","modified_gmt":"2023-08-20T18:14:26","slug":"paris-photos","status":"publish","type":"page","link":"https:\/\/theparisapt.com\/?page_id=14","title":{"rendered":"Paris Photos"},"content":{"rendered":"\n<figure class=\"wp-block-gallery has-nested-images columns-default is-cropped wp-block-gallery-1 is-layout-flex wp-block-gallery-is-layout-flex\">\n<figure class=\"wp-block-image\"><img loading=\"lazy\" decoding=\"async\" width=\"390\" height=\"276\" data-id=\"46\" src=\"https:\/\/theparisapt.com\/wp-content\/uploads\/ChampsElysees.jpg\" alt=\"\" class=\"wp-image-46\" srcset=\"https:\/\/theparisapt.com\/wp-content\/uploads\/ChampsElysees.jpg 390w, https:\/\/theparisapt.com\/wp-content\/uploads\/ChampsElysees-300x212.jpg 300w\" sizes=\"auto, (max-width: 390px) 100vw, 390px\" \/><\/figure>\n\n\n\n<figure class=\"wp-block-image\"><img loading=\"lazy\" decoding=\"async\" width=\"390\" height=\"276\" data-id=\"70\" src=\"https:\/\/theparisapt.com\/wp-content\/uploads\/LouisVuitton.jpg\" alt=\"\" class=\"wp-image-70\" srcset=\"https:\/\/theparisapt.com\/wp-content\/uploads\/LouisVuitton.jpg 390w, https:\/\/theparisapt.com\/wp-content\/uploads\/LouisVuitton-300x212.jpg 300w\" sizes=\"auto, (max-width: 390px) 100vw, 390px\" \/><\/figure>\n<\/figure>\n\n\n\n<p class=\"has-text-align-center\"><strong><a rel=\"noreferrer noopener\" href=\"http:\/\/en.wikipedia.org\/wiki\/Champs-%C3%89lys%C3%A9es\" target=\"_blank\">Champs \u00c9lys\u00e9es\ufeff<\/a><\/strong><\/p>\n\n\n\n<figure class=\"wp-block-gallery has-nested-images columns-default is-cropped wp-block-gallery-2 is-layout-flex wp-block-gallery-is-layout-flex\">\n<figure class=\"wp-block-image\"><img loading=\"lazy\" decoding=\"async\" width=\"320\" height=\"240\" data-id=\"87\" src=\"https:\/\/theparisapt.com\/wp-content\/uploads\/PetitPalais1.jpg\" alt=\"\" class=\"wp-image-87\" srcset=\"https:\/\/theparisapt.com\/wp-content\/uploads\/PetitPalais1.jpg 320w, https:\/\/theparisapt.com\/wp-content\/uploads\/PetitPalais1-300x225.jpg 300w\" sizes=\"auto, (max-width: 320px) 100vw, 320px\" \/><\/figure>\n\n\n\n<figure class=\"wp-block-image\"><img loading=\"lazy\" decoding=\"async\" width=\"240\" height=\"320\" data-id=\"88\" src=\"https:\/\/theparisapt.com\/wp-content\/uploads\/PetitPalais2.jpg\" alt=\"\" class=\"wp-image-88\" srcset=\"https:\/\/theparisapt.com\/wp-content\/uploads\/PetitPalais2.jpg 240w, https:\/\/theparisapt.com\/wp-content\/uploads\/PetitPalais2-225x300.jpg 225w\" sizes=\"auto, (max-width: 240px) 100vw, 240px\" \/><\/figure>\n<\/figure>\n\n\n\n<p class=\"has-text-align-center\"><a rel=\"noreferrer noopener\" href=\"http:\/\/www.petitpalais.paris.fr\" target=\"_blank\"><strong>Petit Palais\ufeff<\/strong><\/a><\/p>\n\n\n\n<p><\/p>\n\n\n\n<figure class=\"wp-block-gallery has-nested-images columns-default is-cropped wp-block-gallery-3 is-layout-flex wp-block-gallery-is-layout-flex\">\n<figure class=\"wp-block-image\"><img loading=\"lazy\" decoding=\"async\" width=\"390\" height=\"276\" data-id=\"80\" src=\"https:\/\/theparisapt.com\/wp-content\/uploads\/Opera.jpg\" alt=\"\" class=\"wp-image-80\" srcset=\"https:\/\/theparisapt.com\/wp-content\/uploads\/Opera.jpg 390w, https:\/\/theparisapt.com\/wp-content\/uploads\/Opera-300x212.jpg 300w\" sizes=\"auto, (max-width: 390px) 100vw, 390px\" \/><\/figure>\n\n\n\n<figure class=\"wp-block-image\"><img loading=\"lazy\" decoding=\"async\" width=\"390\" height=\"276\" data-id=\"71\" src=\"https:\/\/theparisapt.com\/wp-content\/uploads\/LuxembourgGardens.jpg\" alt=\"\" class=\"wp-image-71\" srcset=\"https:\/\/theparisapt.com\/wp-content\/uploads\/LuxembourgGardens.jpg 390w, https:\/\/theparisapt.com\/wp-content\/uploads\/LuxembourgGardens-300x212.jpg 300w\" sizes=\"auto, (max-width: 390px) 100vw, 390px\" \/><\/figure>\n<\/figure>\n\n\n\n<table width=100%><tr><td width=50%><p style=\"text-align:center\"><strong>Op\u00e9ra<\/strong><\/p><\/td><td width=50%><p style=\"text-align:center\"><strong>Jardin du Luxembourg<\/strong><\/p><\/td><\/tr><\/table>\n\n\n\n<figure class=\"wp-block-gallery has-nested-images columns-default is-cropped wp-block-gallery-4 is-layout-flex wp-block-gallery-is-layout-flex\">\n<figure class=\"wp-block-image\"><img loading=\"lazy\" decoding=\"async\" width=\"390\" height=\"276\" data-id=\"115\" src=\"https:\/\/theparisapt.com\/wp-content\/uploads\/BHV-1.jpg\" alt=\"\" class=\"wp-image-115\" srcset=\"https:\/\/theparisapt.com\/wp-content\/uploads\/BHV-1.jpg 390w, https:\/\/theparisapt.com\/wp-content\/uploads\/BHV-1-300x212.jpg 300w\" sizes=\"auto, (max-width: 390px) 100vw, 390px\" \/><\/figure>\n\n\n\n<figure class=\"wp-block-image\"><img loading=\"lazy\" decoding=\"async\" width=\"276\" height=\"390\" data-id=\"89\" src=\"https:\/\/theparisapt.com\/wp-content\/uploads\/PlacedeVosges.gif\" alt=\"\" class=\"wp-image-89\"\/><\/figure>\n<\/figure>\n\n\n\n<table width=100%><tr><td width=50%><p style=\"text-align:center\"><strong>BHV<\/strong><\/p><\/td><td width=50%><p style=\"text-align:center\"><strong>Place de Vosges<\/strong><\/p><\/td><\/tr><\/table>\n\n\n\n<figure class=\"wp-block-gallery has-nested-images columns-default is-cropped wp-block-gallery-5 is-layout-flex wp-block-gallery-is-layout-flex\">\n<figure class=\"wp-block-image\"><img loading=\"lazy\" decoding=\"async\" width=\"390\" height=\"276\" data-id=\"76\" src=\"https:\/\/theparisapt.com\/wp-content\/uploads\/MoulinRouge.jpg\" alt=\"\" class=\"wp-image-76\" srcset=\"https:\/\/theparisapt.com\/wp-content\/uploads\/MoulinRouge.jpg 390w, https:\/\/theparisapt.com\/wp-content\/uploads\/MoulinRouge-300x212.jpg 300w\" sizes=\"auto, (max-width: 390px) 100vw, 390px\" \/><\/figure>\n\n\n\n<figure class=\"wp-block-image\"><img loading=\"lazy\" decoding=\"async\" width=\"390\" height=\"276\" data-id=\"90\" src=\"https:\/\/theparisapt.com\/wp-content\/uploads\/PlaceduTertre.jpg\" alt=\"\" class=\"wp-image-90\" srcset=\"https:\/\/theparisapt.com\/wp-content\/uploads\/PlaceduTertre.jpg 390w, https:\/\/theparisapt.com\/wp-content\/uploads\/PlaceduTertre-300x212.jpg 300w\" sizes=\"auto, (max-width: 390px) 100vw, 390px\" \/><\/figure>\n<\/figure>\n\n\n\n<table width=100%><tr><td width=50%><p style=\"text-align:center\"><strong>Moulin Rouge<\/strong><\/p><\/td><td width=50%><p style=\"text-align:center\"><strong><a rel=\"noreferrer noopener\" href=\"http:\/\/www.parisdigest.com\/promenade\/montmartre-place-du-tertre.htm\" target=\"_blank\"><strong>Place du Tertre&nbsp;<\/strong><\/a><\/strong><\/p><\/td><\/tr><\/table>\n\n\n\n<figure class=\"wp-block-gallery has-nested-images columns-default is-cropped wp-block-gallery-6 is-layout-flex wp-block-gallery-is-layout-flex\">\n<figure class=\"wp-block-image\"><img loading=\"lazy\" decoding=\"async\" width=\"390\" height=\"276\" data-id=\"94\" src=\"https:\/\/theparisapt.com\/wp-content\/uploads\/SacreCoeur.jpg\" alt=\"\" class=\"wp-image-94\" srcset=\"https:\/\/theparisapt.com\/wp-content\/uploads\/SacreCoeur.jpg 390w, https:\/\/theparisapt.com\/wp-content\/uploads\/SacreCoeur-300x212.jpg 300w\" sizes=\"auto, (max-width: 390px) 100vw, 390px\" \/><\/figure>\n\n\n\n<figure class=\"wp-block-image\"><img loading=\"lazy\" decoding=\"async\" width=\"390\" height=\"276\" data-id=\"121\" src=\"https:\/\/theparisapt.com\/wp-content\/uploads\/CimitiereMontmartre-1.jpg\" alt=\"\" class=\"wp-image-121\" srcset=\"https:\/\/theparisapt.com\/wp-content\/uploads\/CimitiereMontmartre-1.jpg 390w, https:\/\/theparisapt.com\/wp-content\/uploads\/CimitiereMontmartre-1-300x212.jpg 300w\" sizes=\"auto, (max-width: 390px) 100vw, 390px\" \/><\/figure>\n<\/figure>\n\n\n\n<table width=100%><tr><td width=50%><p style=\"text-align:center\"><strong><a rel=\"noreferrer noopener\" href=\"http:\/\/www.parisdigest.com\/monument\/sacrecoeur.htm\" target=\"_blank\">Sacr\u00e9 Coeur<\/a><\/strong><\/p><\/td><td width=50%><p style=\"text-align:center\"><strong><a rel=\"noreferrer noopener\" href=\"http:\/\/www.parisdigest.com\/promenade\/montmartre-place-du-tertre.htm\" target=\"_blank\"><strong><a rel=\"noreferrer noopener\" href=\"http:\/\/en.wikipedia.org\/wiki\/Cimeti%C3%A8re_de_Montmartre\" target=\"_blank\">Cimeti\u00e8re Montmartre<\/a><\/strong><\/a><\/strong><\/p><\/td><\/tr><\/table>\n\n\n\n<figure class=\"wp-block-gallery has-nested-images columns-default is-cropped wp-block-gallery-7 is-layout-flex wp-block-gallery-is-layout-flex\">\n<figure class=\"wp-block-image\"><img loading=\"lazy\" decoding=\"async\" width=\"390\" height=\"276\" data-id=\"77\" src=\"https:\/\/theparisapt.com\/wp-content\/uploads\/MuseedOrsay1.jpg\" alt=\"\" class=\"wp-image-77\" srcset=\"https:\/\/theparisapt.com\/wp-content\/uploads\/MuseedOrsay1.jpg 390w, https:\/\/theparisapt.com\/wp-content\/uploads\/MuseedOrsay1-300x212.jpg 300w\" sizes=\"auto, (max-width: 390px) 100vw, 390px\" \/><\/figure>\n\n\n\n<figure class=\"wp-block-image\"><img loading=\"lazy\" decoding=\"async\" width=\"390\" height=\"276\" data-id=\"78\" src=\"https:\/\/theparisapt.com\/wp-content\/uploads\/MuseedOrsay2.jpg\" alt=\"\" class=\"wp-image-78\" srcset=\"https:\/\/theparisapt.com\/wp-content\/uploads\/MuseedOrsay2.jpg 390w, https:\/\/theparisapt.com\/wp-content\/uploads\/MuseedOrsay2-300x212.jpg 300w\" sizes=\"auto, (max-width: 390px) 100vw, 390px\" \/><\/figure>\n<\/figure>\n\n\n\n<p class=\"has-text-align-center\"><a rel=\"noreferrer noopener\" href=\"http:\/\/www.musee-orsay.fr\/en\/home.html\" target=\"_blank\"><strong>Musee d&#8217;Orsay&nbsp;\ufeff<\/strong><\/a><\/p>\n\n\n\n<figure class=\"wp-block-gallery has-nested-images columns-default is-cropped wp-block-gallery-8 is-layout-flex wp-block-gallery-is-layout-flex\">\n<figure class=\"wp-block-image\"><img loading=\"lazy\" decoding=\"async\" width=\"390\" height=\"276\" data-id=\"95\" src=\"https:\/\/theparisapt.com\/wp-content\/uploads\/Seine1.jpg\" alt=\"\" class=\"wp-image-95\" srcset=\"https:\/\/theparisapt.com\/wp-content\/uploads\/Seine1.jpg 390w, https:\/\/theparisapt.com\/wp-content\/uploads\/Seine1-300x212.jpg 300w\" sizes=\"auto, (max-width: 390px) 100vw, 390px\" \/><\/figure>\n\n\n\n<figure class=\"wp-block-image\"><img loading=\"lazy\" decoding=\"async\" width=\"390\" height=\"276\" data-id=\"96\" src=\"https:\/\/theparisapt.com\/wp-content\/uploads\/Seine2.jpg\" alt=\"\" class=\"wp-image-96\" srcset=\"https:\/\/theparisapt.com\/wp-content\/uploads\/Seine2.jpg 390w, https:\/\/theparisapt.com\/wp-content\/uploads\/Seine2-300x212.jpg 300w\" sizes=\"auto, (max-width: 390px) 100vw, 390px\" \/><\/figure>\n<\/figure>\n\n\n\n<p class=\"has-text-align-center\"><strong>Along the Seine<\/strong><\/p>\n","protected":false},"excerpt":{"rendered":"<p>Champs \u00c9lys\u00e9es\ufeff Petit Palais\ufeff Op\u00e9ra Jardin du Luxembourg BHV Place de Vosges Moulin Rouge Place du Tertre&nbsp; Sacr\u00e9 Coeur Cimeti\u00e8re Montmartre Musee d&#8217;Orsay&nbsp;\ufeff Along the Seine<\/p>\n","protected":false},"author":1,"featured_media":0,"parent":0,"menu_order":0,"comment_status":"closed","ping_status":"closed","template":"","meta":{"footnotes":""},"class_list":["post-14","page","type-page","status-publish","hentry"],"_links":{"self":[{"href":"https:\/\/theparisapt.com\/index.php?rest_route=\/wp\/v2\/pages\/14","targetHints":{"allow":["GET"]}}],"collection":[{"href":"https:\/\/theparisapt.com\/index.php?rest_route=\/wp\/v2\/pages"}],"about":[{"href":"https:\/\/theparisapt.com\/index.php?rest_route=\/wp\/v2\/types\/page"}],"author":[{"embeddable":true,"href":"https:\/\/theparisapt.com\/index.php?rest_route=\/wp\/v2\/users\/1"}],"replies":[{"embeddable":true,"href":"https:\/\/theparisapt.com\/index.php?rest_route=%2Fwp%2Fv2%2Fcomments&post=14"}],"version-history":[{"count":16,"href":"https:\/\/theparisapt.com\/index.php?rest_route=\/wp\/v2\/pages\/14\/revisions"}],"predecessor-version":[{"id":160,"href":"https:\/\/theparisapt.com\/index.php?rest_route=\/wp\/v2\/pages\/14\/revisions\/160"}],"wp:attachment":[{"href":"https:\/\/theparisapt.com\/index.php?rest_route=%2Fwp%2Fv2%2Fmedia&parent=14"}],"curies":[{"name":"wp","href":"https:\/\/api.w.org\/{rel}","templated":true}]}}